{"id":2292,"date":"2025-08-14T18:23:05","date_gmt":"2025-08-14T18:23:05","guid":{"rendered":"https:\/\/www.packagingofchina.com\/?post_type=product&#038;p=2292"},"modified":"2025-08-15T18:24:27","modified_gmt":"2025-08-15T18:24:27","slug":"custom-baby-food-pouch-with-spout","status":"publish","type":"product","link":"https:\/\/www.packagingofchina.com\/fr\/produit\/custom-baby-food-pouch-with-spout\/","title":{"rendered":"Pochette personnalis\u00e9e pour aliments pour b\u00e9b\u00e9s avec bec verseur s\u00fbr et caract\u00e9ristiques de r\u00e9sistance \u00e0 la chaleur"},"content":{"rendered":"<div class=\"wp-block-columns is-layout-flex wp-container-core-columns-is-layout-9d6595d7 wp-block-columns-is-layout-flex\">\n<div class=\"wp-block-column is-layout-flow wp-block-column-is-layout-flow\">\n<h3 class=\"wp-block-heading\">Caract\u00e9ristiques de la pochette de nourriture pour b\u00e9b\u00e9<\/h3>\n\n\n\n<p><strong>Couvercle de s\u00e9curit\u00e9 anti-avalaison<\/strong>&nbsp;- couvercle sp\u00e9cialement con\u00e7u pour emp\u00eacher les nourrissons et les jeunes enfants d'avaler accidentellement, garantissant ainsi la s\u00e9curit\u00e9 de l'alimentation<\/p>\n\n\n\n<p><strong>121 \u2103 sac \u00e0 vapeur haute temp\u00e9rature<\/strong>&nbsp;- capable de r\u00e9sister \u00e0 un traitement de st\u00e9rilisation \u00e0 haute temp\u00e9rature, ce qui prolonge la dur\u00e9e de conservation du produit<\/p>\n\n\n\n<p><strong>Compatibilit\u00e9 avec le remplissage \u00e0 chaud<\/strong>&nbsp;- prend en charge le processus de remplissage \u00e0 haute temp\u00e9rature afin de pr\u00e9server la fra\u00eecheur et la valeur nutritive des aliments<\/p>\n\n\n\n<p><strong>Impression personnalis\u00e9e<\/strong>&nbsp;- peut imprimer des motifs mignons qui attirent les b\u00e9b\u00e9s, tels que des dessins anim\u00e9s et des logos de marque<\/p>\n\n\n\n<p><strong>Conception \u00e0 bords lisses<\/strong>&nbsp;- Le corps du sac adopte une forme arrondie et non angulaire pour \u00e9viter de griffer la peau d\u00e9licate du b\u00e9b\u00e9.<\/p>\n\n\n\n<p><strong>Fonction d'aspiration par pression<\/strong>&nbsp;- aide \u00e0 nourrir l'enfant en le pressant doucement, tout en exer\u00e7ant la pr\u00e9hension et la coordination des mains de l'enfant<\/p>\n<\/div>\n\n\n\n<div class=\"wp-block-column is-layout-flow wp-block-column-is-layout-flow\">\n<figure class=\"wp-block-image size-full\"><img decoding=\"async\" width=\"1000\" height=\"1000\" src=\"https:\/\/www.packagingofchina.com\/wp-content\/uploads\/2025\/07\/OEM-ODM-Baby-Food-Packaging-Factory-DQ-PACK.webp\" alt=\"OEM-ODM-emballages pour b\u00e9b\u00e9s-usine-DQ PACK\" class=\"wp-image-2090\" srcset=\"https:\/\/www.packagingofchina.com\/wp-content\/uploads\/2025\/07\/OEM-ODM-Baby-Food-Packaging-Factory-DQ-PACK.webp 1000w, https:\/\/www.packagingofchina.com\/wp-content\/uploads\/2025\/07\/OEM-ODM-Baby-Food-Packaging-Factory-DQ-PACK-300x300.webp 300w, https:\/\/www.packagingofchina.com\/wp-content\/uploads\/2025\/07\/OEM-ODM-Baby-Food-Packaging-Factory-DQ-PACK-150x150.webp 150w, https:\/\/www.packagingofchina.com\/wp-content\/uploads\/2025\/07\/OEM-ODM-Baby-Food-Packaging-Factory-DQ-PACK-768x768.webp 768w, https:\/\/www.packagingofchina.com\/wp-content\/uploads\/2025\/07\/OEM-ODM-Baby-Food-Packaging-Factory-DQ-PACK-12x12.webp 12w, https:\/\/www.packagingofchina.com\/wp-content\/uploads\/2025\/07\/OEM-ODM-Baby-Food-Packaging-Factory-DQ-PACK-600x600.webp 600w, https:\/\/www.packagingofchina.com\/wp-content\/uploads\/2025\/07\/OEM-ODM-Baby-Food-Packaging-Factory-DQ-PACK-100x100.webp 100w\" sizes=\"(max-width: 1000px) 100vw, 1000px\" \/><\/figure>\n<\/div>\n<\/div>\n\n\n\n<p><\/p>","protected":false},"excerpt":{"rendered":"<p>Nos sachets d'aliments pour b\u00e9b\u00e9s sont dot\u00e9s d'une\u00a0<strong><b>bec verseur anti-\u00e9claboussures<\/b><\/strong>\u00a0et\u00a0<strong><b>capuchon anti-choc<\/b><\/strong>\u00a0pour une alimentation autonome en toute s\u00e9curit\u00e9. Fabriqu\u00e9 en\u00a0<strong><b>mat\u00e9riaux de qualit\u00e9 alimentaire<\/b><\/strong>Ces pochettes soutiennent\u00a0<strong><b>traitement par remplissage \u00e0 chaud<\/b><\/strong>\u00a0et\u00a0<strong><b>Cuisson en autoclave \u00e0 121\u00b0C<\/b><\/strong>\u00a0pour une longue dur\u00e9e de conservation. Enti\u00e8rement personnalisable avec\u00a0<strong><b>des conceptions adapt\u00e9es aux enfants<\/b><\/strong>, Id\u00e9al pour les pur\u00e9es biologiques, les yaourts et les snacks.\u00a0<strong><b>Sans BPA, \u00e9tanche et facile \u00e0 presser<\/b><\/strong>\u00a0pour les enfants en bas \u00e2ge. Services OEM\/ODM disponibles. \u00a0<\/p>\n<h2>Param\u00e8tres de la pochette alimentaire s\u00fbre pour b\u00e9b\u00e9s<\/h2>\n<ul>\n<li><strong>Mat\u00e9riau<\/strong>: PET+AL+NY+PE \/ Sur mesure <\/li>\n<li><strong>Type de sac<\/strong>: Pochette \u00e0 bec <\/li>\n<li><strong>Taille :<\/strong>12*11cm + 5cm \/ sur mesure <\/li>\n<li><strong>\u00c9paisseur :<\/strong>125 microns <\/li>\n<li><strong>Commande personnalis\u00e9e<\/strong>: Acceptation des OEM et ODM <\/li>\n<li><strong>\u00c9chantillon gratuit<\/strong>: Support <\/li>\n<li><strong>Utilisation :<\/strong> Produits laitiers, jus, lait, huile comestible, etc. <\/li>\n<li><strong>Manipulation en surface :<\/strong> Impression en h\u00e9liogravure <\/li>\n<li><strong>Couleur :<\/strong> Peut imprimer jusqu'\u00e0 13 couleurs <\/li>\n<li><strong>March\u00e9s cibles<\/strong>: Partout dans le monde<\/li>\n<\/ul>","protected":false},"featured_media":2294,"comment_status":"closed","ping_status":"closed","template":"","meta":{"_acf_changed":false},"flexible-packaging":[30,25,24],"solution":[39,66,38,67,51,37,33,81],"product_brand":[],"product_cat":[20,62],"product_tag":[],"class_list":{"0":"post-2292","1":"product","2":"type-product","3":"status-publish","4":"has-post-thumbnail","6":"flexible-packaging-custom-shaped-pouch","7":"flexible-packaging-custom-spout-pouch","8":"flexible-packaging-custom-stand-up-pouch","9":"solution-135-degree-sterilization","10":"solution-bpa-free","11":"solution-high-barrier","12":"solution-leak-proof","13":"solution-moisture-proof","14":"solution-puncture-resistance","15":"solution-resist-high-temperature","16":"solution-suitable-for-pasteurization","17":"product_cat-baby-food-packaging-solutions","18":"product_cat-custom-dairy-packaging","20":"first","21":"instock","22":"shipping-taxable","23":"product-type-simple"},"acf":[],"_links":{"self":[{"href":"https:\/\/www.packagingofchina.com\/fr\/wp-json\/wp\/v2\/product\/2292","targetHints":{"allow":["GET"]}}],"collection":[{"href":"https:\/\/www.packagingofchina.com\/fr\/wp-json\/wp\/v2\/product"}],"about":[{"href":"https:\/\/www.packagingofchina.com\/fr\/wp-json\/wp\/v2\/types\/product"}],"replies":[{"embeddable":true,"href":"https:\/\/www.packagingofchina.com\/fr\/wp-json\/wp\/v2\/comments?post=2292"}],"wp:featuredmedia":[{"embeddable":true,"href":"https:\/\/www.packagingofchina.com\/fr\/wp-json\/wp\/v2\/media\/2294"}],"wp:attachment":[{"href":"https:\/\/www.packagingofchina.com\/fr\/wp-json\/wp\/v2\/media?parent=2292"}],"wp:term":[{"taxonomy":"flexible-packaging","embeddable":true,"href":"https:\/\/www.packagingofchina.com\/fr\/wp-json\/wp\/v2\/flexible-packaging?post=2292"},{"taxonomy":"solution","embeddable":true,"href":"https:\/\/www.packagingofchina.com\/fr\/wp-json\/wp\/v2\/solution?post=2292"},{"taxonomy":"product_brand","embeddable":true,"href":"https:\/\/www.packagingofchina.com\/fr\/wp-json\/wp\/v2\/product_brand?post=2292"},{"taxonomy":"product_cat","embeddable":true,"href":"https:\/\/www.packagingofchina.com\/fr\/wp-json\/wp\/v2\/product_cat?post=2292"},{"taxonomy":"product_tag","embeddable":true,"href":"https:\/\/www.packagingofchina.com\/fr\/wp-json\/wp\/v2\/product_tag?post=2292"}],"curies":[{"name":"wp","href":"https:\/\/api.w.org\/{rel}","templated":true}]}}