{"id":2360,"date":"2025-08-28T03:53:46","date_gmt":"2025-08-28T03:53:46","guid":{"rendered":"https:\/\/www.packagingofchina.com\/?post_type=product&#038;p=2360"},"modified":"2025-11-14T04:05:35","modified_gmt":"2025-11-14T04:05:35","slug":"custom-160g-ketchup-spout-pouch","status":"publish","type":"product","link":"https:\/\/www.packagingofchina.com\/fr\/produit\/custom-160g-ketchup-spout-pouch\/","title":{"rendered":"Pochette \u00e0 bec pour ketchup 160g, fabricant d'emballages OEM et ODM"},"content":{"rendered":"<div class=\"wp-block-columns is-layout-flex wp-container-core-columns-is-layout-9d6595d7 wp-block-columns-is-layout-flex\">\n<div class=\"wp-block-column is-layout-flow wp-block-column-is-layout-flow\">\n<h3 class=\"wp-block-heading\">Pochette \u00e0 bec de ketchup personnalis\u00e9e Caract\u00e9ristiques : <\/h3>\n\n\n\n<ul class=\"wp-block-list\">\n<li><strong>Un contr\u00f4le pr\u00e9cis pour r\u00e9duire les d\u00e9chets<\/strong>: Sp\u00e9cialement con\u00e7u pour les sauces \u00e9paisses telles que la sauce tomate, le bec verseur pr\u00e9sente une ouverture lisse et facile \u00e0 contr\u00f4ler, garantissant que les consommateurs ne se salissent pas les mains en l'utilisant, r\u00e9duisant ainsi efficacement le contenu r\u00e9siduel et les d\u00e9chets.<\/li>\n\n\n\n<li><strong>Conserver la fra\u00eecheur et garantir une saveur durable : <\/strong>L'utilisation de mat\u00e9riaux composites multicouches \u00e0 haute barri\u00e8re, isolant efficacement l'oxyg\u00e8ne et la lumi\u00e8re, prolonge consid\u00e9rablement la dur\u00e9e de conservation du produit, garantissant que votre sauce tomate conserve la meilleure saveur de l'usine \u00e0 la consommation.<\/li>\n\n\n\n<li><strong>Excellente performance en rayon :<\/strong> Supporte l'impression en h\u00e9liogravure haute d\u00e9finition, avec des couleurs pleines et vives. L'emballage est stable et offre un large espace pour la conception de la marque afin d'aider votre produit \u00e0 se d\u00e9marquer de la concurrence.<\/li>\n\n\n\n<li><strong>Durable et robuste, sans souci<\/strong> le transport : Le bord de scellement robuste et le mat\u00e9riau r\u00e9sistant \u00e0 la perforation peuvent r\u00e9sister aux chocs et aux compressions pendant le transport sur de longues distances, ce qui r\u00e9duit consid\u00e9rablement le risque de fuite de l'emballage et d'endommagement de la cargaison, garantissant ainsi l'efficacit\u00e9 de votre cha\u00eene d'approvisionnement.<\/li>\n\n\n\n<li><strong>Ouverture en un clic et fermeture facile :<\/strong> Conception innovante du bouchon \u00e0 vis, facile \u00e0 ouvrir, \u00e9tanch\u00e9it\u00e9 fiable. Les consommateurs peuvent l'ouvrir et le fermer plusieurs fois pour y acc\u00e9der facilement et garantir l'hygi\u00e8ne et la fra\u00eecheur de la conservation au r\u00e9frig\u00e9rateur apr\u00e8s ouverture.<\/li>\n\n\n\n<li><strong>Solutions d'emballage personnalis\u00e9es :<\/strong> Nous ne sommes pas seulement des fabricants, mais aussi vos partenaires en mati\u00e8re d'emballage. De la conception \u00e0 la production de masse, nous fournissons une assistance professionnelle OEM\/ODM, une r\u00e9ponse flexible \u00e0 vos besoins et nous vous aidons \u00e0 \u00e9tendre rapidement votre march\u00e9.<\/li>\n<\/ul>\n<\/div>\n\n\n\n<div class=\"wp-block-column is-layout-flow wp-block-column-is-layout-flow\">\n<figure class=\"wp-block-image size-full\"><img decoding=\"async\" width=\"1000\" height=\"1000\" src=\"https:\/\/www.packagingofchina.com\/wp-content\/uploads\/2025\/08\/Custom-Ketchup-Spout-Pouch-DQ-PACK-7.webp\" alt=\"Pochette de Ketchup personnalis\u00e9e - DQ PACK (7)\" class=\"wp-image-2366\" srcset=\"https:\/\/www.packagingofchina.com\/wp-content\/uploads\/2025\/08\/Custom-Ketchup-Spout-Pouch-DQ-PACK-7.webp 1000w, https:\/\/www.packagingofchina.com\/wp-content\/uploads\/2025\/08\/Custom-Ketchup-Spout-Pouch-DQ-PACK-7-300x300.webp 300w, https:\/\/www.packagingofchina.com\/wp-content\/uploads\/2025\/08\/Custom-Ketchup-Spout-Pouch-DQ-PACK-7-150x150.webp 150w, https:\/\/www.packagingofchina.com\/wp-content\/uploads\/2025\/08\/Custom-Ketchup-Spout-Pouch-DQ-PACK-7-768x768.webp 768w, https:\/\/www.packagingofchina.com\/wp-content\/uploads\/2025\/08\/Custom-Ketchup-Spout-Pouch-DQ-PACK-7-12x12.webp 12w, https:\/\/www.packagingofchina.com\/wp-content\/uploads\/2025\/08\/Custom-Ketchup-Spout-Pouch-DQ-PACK-7-600x600.webp 600w, https:\/\/www.packagingofchina.com\/wp-content\/uploads\/2025\/08\/Custom-Ketchup-Spout-Pouch-DQ-PACK-7-100x100.webp 100w\" sizes=\"(max-width: 1000px) 100vw, 1000px\" \/><\/figure>\n<\/div>\n<\/div>","protected":false},"excerpt":{"rendered":"<p>Faites passer votre marque de ketchup au niveau sup\u00e9rieur avec nos sachets \u00e0 bec OEM\/ODM 160g personnalis\u00e9s. Con\u00e7us pour \u00eatre performants et attrayants en rayon, nos sachets sont fabriqu\u00e9s \u00e0 partir de mat\u00e9riaux barri\u00e8res avanc\u00e9s qui scellent la fra\u00eecheur et pr\u00e9servent la saveur. Le bec verseur contr\u00f4l\u00e9 s'\u00e9coule proprement \u00e0 chaque fois, am\u00e9liorant ainsi l'exp\u00e9rience du consommateur. Nous proposons une impression haute d\u00e9finition en couleur pour que votre marque soit bien visible. En tant que partenaire de fabrication privil\u00e9gi\u00e9, nous fournissons des services OEM\/ODM complets, de la conception \u00e0 la livraison. Notre promesse est d'assurer une production \u00e0 grande \u00e9chelle et un prototypage le jour m\u00eame afin que vous puissiez lancer rapidement des emballages innovants, pr\u00eats \u00e0 \u00eatre commercialis\u00e9s, dans le respect des d\u00e9lais et du budget.<\/p>\n<h3>Param\u00e8tres de la pochette \u00e0 bec Ketchup personnalis\u00e9e<\/h3>\n<ul>\n<li><strong>Mat\u00e9riau<\/strong>: PET+AL+NY+PE \/ Sur mesure <\/li>\n<li><strong>Type de sac<\/strong>: <a href=\"https:\/\/www.packagingofchina.com\/fr\/flexible-packaging\/custom-spout-pouch\/\"><strong>Pochette \u00e0 bec<\/strong><\/a> <\/li>\n<li><strong>Taille<\/strong>10*15cm +6cm \/ sur mesure <\/li>\n<li><strong>\u00c9paisseur<\/strong>:120 microns <\/li>\n<li><strong>Commande sur mesure :<\/strong> Acceptation des OEM et ODM <\/li>\n<li><strong>\u00c9chantillon gratuit :<\/strong> Soutien <\/li>\n<li><strong>Utilisation<\/strong>: Sauce, huile comestible, sucre, produits laitiers, jus, lait, etc. <\/li>\n<li><strong>Manipulation de surface<\/strong>: Impression en h\u00e9liogravure <\/li>\n<li><strong>Couleur<\/strong>: Peut imprimer jusqu'\u00e0 13 couleurs <\/li>\n<li><strong>March\u00e9s cibles<\/strong>: Partout dans le monde<\/li>\n<\/ul>","protected":false},"featured_media":2361,"comment_status":"closed","ping_status":"closed","template":"","meta":{"_acf_changed":false},"flexible-packaging":[25,86],"solution":[66,38,67,51,37,33],"product_brand":[],"product_cat":[60,18],"product_tag":[],"class_list":{"0":"post-2360","1":"product","2":"type-product","3":"status-publish","4":"has-post-thumbnail","6":"flexible-packaging-custom-spout-pouch","7":"flexible-packaging-custom-squeeze-pouches-wholesale","8":"solution-bpa-free","9":"solution-high-barrier","10":"solution-leak-proof","11":"solution-moisture-proof","12":"solution-puncture-resistance","13":"solution-resist-high-temperature","14":"product_cat-condiment-packaging-company","15":"product_cat-custom-food-packaging-solutions","17":"first","18":"instock","19":"shipping-taxable","20":"product-type-simple"},"acf":[],"_links":{"self":[{"href":"https:\/\/www.packagingofchina.com\/fr\/wp-json\/wp\/v2\/product\/2360","targetHints":{"allow":["GET"]}}],"collection":[{"href":"https:\/\/www.packagingofchina.com\/fr\/wp-json\/wp\/v2\/product"}],"about":[{"href":"https:\/\/www.packagingofchina.com\/fr\/wp-json\/wp\/v2\/types\/product"}],"replies":[{"embeddable":true,"href":"https:\/\/www.packagingofchina.com\/fr\/wp-json\/wp\/v2\/comments?post=2360"}],"wp:featuredmedia":[{"embeddable":true,"href":"https:\/\/www.packagingofchina.com\/fr\/wp-json\/wp\/v2\/media\/2361"}],"wp:attachment":[{"href":"https:\/\/www.packagingofchina.com\/fr\/wp-json\/wp\/v2\/media?parent=2360"}],"wp:term":[{"taxonomy":"flexible-packaging","embeddable":true,"href":"https:\/\/www.packagingofchina.com\/fr\/wp-json\/wp\/v2\/flexible-packaging?post=2360"},{"taxonomy":"solution","embeddable":true,"href":"https:\/\/www.packagingofchina.com\/fr\/wp-json\/wp\/v2\/solution?post=2360"},{"taxonomy":"product_brand","embeddable":true,"href":"https:\/\/www.packagingofchina.com\/fr\/wp-json\/wp\/v2\/product_brand?post=2360"},{"taxonomy":"product_cat","embeddable":true,"href":"https:\/\/www.packagingofchina.com\/fr\/wp-json\/wp\/v2\/product_cat?post=2360"},{"taxonomy":"product_tag","embeddable":true,"href":"https:\/\/www.packagingofchina.com\/fr\/wp-json\/wp\/v2\/product_tag?post=2360"}],"curies":[{"name":"wp","href":"https:\/\/api.w.org\/{rel}","templated":true}]}}