{"id":2862,"date":"2025-11-09T18:39:09","date_gmt":"2025-11-09T18:39:09","guid":{"rendered":"https:\/\/www.packagingofchina.com\/?post_type=product&#038;p=2862"},"modified":"2025-11-09T18:39:41","modified_gmt":"2025-11-09T18:39:41","slug":"doypack-zipper-bags-for-chocolate","status":"publish","type":"product","link":"https:\/\/www.packagingofchina.com\/fr\/produit\/doypack-zipper-bags-for-chocolate\/","title":{"rendered":"Sacs \u00e0 fermeture \u00e9clair Doypack imprim\u00e9s sur mesure pour l'emballage de chocolats, de noix et de snacks Fournisseur de pochettes d'emballage"},"content":{"rendered":"<div class=\"wp-block-columns is-layout-flex wp-container-core-columns-is-layout-9d6595d7 wp-block-columns-is-layout-flex\">\n<div class=\"wp-block-column is-layout-flow wp-block-column-is-layout-flow\">\n<div class=\"wp-block-columns is-layout-flex wp-container-core-columns-is-layout-9d6595d7 wp-block-columns-is-layout-flex\">\n<div class=\"wp-block-column is-layout-flow wp-block-column-is-layout-flow\">\n<h3 class=\"wp-block-heading\">Sacs \u00e0 fermeture \u00e9clair Doypack pour le chocolat Caract\u00e9ristiques :<\/h3>\n\n\n\n<p><strong>Pr\u00e9servation durable -<\/strong> l'utilisation de mat\u00e9riaux \u00e0 haute barri\u00e8re pour isoler efficacement l'air et l'humidit\u00e9, ce qui permet au chocolat aux noix de conserver une texture croustillante et une saveur fra\u00eeche pendant longtemps.<\/p>\n\n\n\n<p><strong>Fermeture pratique -<\/strong> Fermeture \u00e0 glissi\u00e8re de haute qualit\u00e9, ouverture et fermeture en douceur, \u00e9tanch\u00e9it\u00e9 r\u00e9p\u00e9table, facilit\u00e9 d'acc\u00e8s \u00e0 plusieurs reprises, et le contenu n'est pas facilement affect\u00e9 par l'humidit\u00e9.<\/p>\n\n\n\n<p><strong>Durable et robuste - <\/strong>Structure composite multicouche, forte r\u00e9sistance \u00e0 la d\u00e9chirure, transport et stockage plus s\u00fbrs, moins de risques de dommages et de fuites.<\/p>\n\n\n\n<p><strong>Mod\u00e8le debout -<\/strong> une structure verticale stable \u00e0 la base, qui permet d'\u00e9conomiser de l'espace sur les \u00e9tag\u00e8res, de pr\u00e9senter les produits de mani\u00e8re attrayante et d'en faciliter l'acc\u00e8s.<\/p>\n\n\n\n<p><strong>Impression personnalis\u00e9e -<\/strong> Elle prend en charge l'impression couleur haute d\u00e9finition et peut personnaliser les logos et les motifs de l'entreprise, ce qui permet d'am\u00e9liorer l'image de marque et d'attirer l'attention des consommateurs.<\/p>\n\n\n\n<p><strong>S\u00e9lection multi-sp\u00e9cifications -<\/strong> fournir des sp\u00e9cifications de taille multiples pour r\u00e9pondre aux besoins d'emballage de diff\u00e9rents sc\u00e9narios tels que la vente au d\u00e9tail, la vente en gros et les activit\u00e9s promotionnelles.<\/p>\n<\/div>\n\n\n\n<div class=\"wp-block-column is-layout-flow wp-block-column-is-layout-flow\">\n<figure class=\"wp-block-image size-full\"><img decoding=\"async\" width=\"1416\" height=\"1416\" src=\"https:\/\/www.packagingofchina.com\/wp-content\/uploads\/2025\/11\/Custom-Printed-Doypack-Zipper-Bags-for-Chocolate-Manufacturer-DQ-PACK-1-1.webp\" alt=\"Sacs \u00e0 fermeture \u00e9clair Doypack imprim\u00e9s sur mesure pour le chocolat-Fabricant-DQ-PACK-1 (1)\" class=\"wp-image-2873\" srcset=\"https:\/\/www.packagingofchina.com\/wp-content\/uploads\/2025\/11\/Custom-Printed-Doypack-Zipper-Bags-for-Chocolate-Manufacturer-DQ-PACK-1-1.webp 1416w, https:\/\/www.packagingofchina.com\/wp-content\/uploads\/2025\/11\/Custom-Printed-Doypack-Zipper-Bags-for-Chocolate-Manufacturer-DQ-PACK-1-1-300x300.webp 300w, https:\/\/www.packagingofchina.com\/wp-content\/uploads\/2025\/11\/Custom-Printed-Doypack-Zipper-Bags-for-Chocolate-Manufacturer-DQ-PACK-1-1-150x150.webp 150w, https:\/\/www.packagingofchina.com\/wp-content\/uploads\/2025\/11\/Custom-Printed-Doypack-Zipper-Bags-for-Chocolate-Manufacturer-DQ-PACK-1-1-768x768.webp 768w, https:\/\/www.packagingofchina.com\/wp-content\/uploads\/2025\/11\/Custom-Printed-Doypack-Zipper-Bags-for-Chocolate-Manufacturer-DQ-PACK-1-1-12x12.webp 12w, https:\/\/www.packagingofchina.com\/wp-content\/uploads\/2025\/11\/Custom-Printed-Doypack-Zipper-Bags-for-Chocolate-Manufacturer-DQ-PACK-1-1-1200x1200.webp 1200w, https:\/\/www.packagingofchina.com\/wp-content\/uploads\/2025\/11\/Custom-Printed-Doypack-Zipper-Bags-for-Chocolate-Manufacturer-DQ-PACK-1-1-600x600.webp 600w, https:\/\/www.packagingofchina.com\/wp-content\/uploads\/2025\/11\/Custom-Printed-Doypack-Zipper-Bags-for-Chocolate-Manufacturer-DQ-PACK-1-1-100x100.webp 100w\" sizes=\"(max-width: 1416px) 100vw, 1416px\" \/><\/figure>\n<\/div>\n<\/div>\n\n\n\n<div class=\"wp-block-columns is-layout-flex wp-container-core-columns-is-layout-9d6595d7 wp-block-columns-is-layout-flex\">\n<div class=\"wp-block-column is-layout-flow wp-block-column-is-layout-flow\">\n<figure class=\"wp-block-image size-full\"><img decoding=\"async\" width=\"1416\" height=\"1416\" src=\"https:\/\/www.packagingofchina.com\/wp-content\/uploads\/2025\/11\/Custom-Printed-Chocolate-Zipper-Bag-Manufacturer-DQ-PACK-2.webp\" alt=\"Fabricant de sacs \u00e0 fermeture \u00e9clair en chocolat imprim\u00e9s sur mesure - DQ PACK (2)\" class=\"wp-image-2865\" srcset=\"https:\/\/www.packagingofchina.com\/wp-content\/uploads\/2025\/11\/Custom-Printed-Chocolate-Zipper-Bag-Manufacturer-DQ-PACK-2.webp 1416w, https:\/\/www.packagingofchina.com\/wp-content\/uploads\/2025\/11\/Custom-Printed-Chocolate-Zipper-Bag-Manufacturer-DQ-PACK-2-300x300.webp 300w, https:\/\/www.packagingofchina.com\/wp-content\/uploads\/2025\/11\/Custom-Printed-Chocolate-Zipper-Bag-Manufacturer-DQ-PACK-2-150x150.webp 150w, https:\/\/www.packagingofchina.com\/wp-content\/uploads\/2025\/11\/Custom-Printed-Chocolate-Zipper-Bag-Manufacturer-DQ-PACK-2-768x768.webp 768w, https:\/\/www.packagingofchina.com\/wp-content\/uploads\/2025\/11\/Custom-Printed-Chocolate-Zipper-Bag-Manufacturer-DQ-PACK-2-12x12.webp 12w, https:\/\/www.packagingofchina.com\/wp-content\/uploads\/2025\/11\/Custom-Printed-Chocolate-Zipper-Bag-Manufacturer-DQ-PACK-2-1200x1200.webp 1200w, https:\/\/www.packagingofchina.com\/wp-content\/uploads\/2025\/11\/Custom-Printed-Chocolate-Zipper-Bag-Manufacturer-DQ-PACK-2-600x600.webp 600w, https:\/\/www.packagingofchina.com\/wp-content\/uploads\/2025\/11\/Custom-Printed-Chocolate-Zipper-Bag-Manufacturer-DQ-PACK-2-100x100.webp 100w\" sizes=\"(max-width: 1416px) 100vw, 1416px\" \/><\/figure>\n<\/div>\n\n\n\n<div class=\"wp-block-column is-layout-flow wp-block-column-is-layout-flow\">\n<figure class=\"wp-block-image size-full\"><img decoding=\"async\" width=\"1416\" height=\"1416\" src=\"https:\/\/www.packagingofchina.com\/wp-content\/uploads\/2025\/11\/Custom-Printed-Doypack-Zipper-Bags-for-Chocolate-Manufacturer-DQ-PACK-1-2.webp\" alt=\"Sacs \u00e0 fermeture \u00e9clair Doypack imprim\u00e9s sur mesure pour les chocolatiers-DQ-PACK-1 (2)\" class=\"wp-image-2874\" srcset=\"https:\/\/www.packagingofchina.com\/wp-content\/uploads\/2025\/11\/Custom-Printed-Doypack-Zipper-Bags-for-Chocolate-Manufacturer-DQ-PACK-1-2.webp 1416w, https:\/\/www.packagingofchina.com\/wp-content\/uploads\/2025\/11\/Custom-Printed-Doypack-Zipper-Bags-for-Chocolate-Manufacturer-DQ-PACK-1-2-300x300.webp 300w, https:\/\/www.packagingofchina.com\/wp-content\/uploads\/2025\/11\/Custom-Printed-Doypack-Zipper-Bags-for-Chocolate-Manufacturer-DQ-PACK-1-2-150x150.webp 150w, https:\/\/www.packagingofchina.com\/wp-content\/uploads\/2025\/11\/Custom-Printed-Doypack-Zipper-Bags-for-Chocolate-Manufacturer-DQ-PACK-1-2-768x768.webp 768w, https:\/\/www.packagingofchina.com\/wp-content\/uploads\/2025\/11\/Custom-Printed-Doypack-Zipper-Bags-for-Chocolate-Manufacturer-DQ-PACK-1-2-12x12.webp 12w, https:\/\/www.packagingofchina.com\/wp-content\/uploads\/2025\/11\/Custom-Printed-Doypack-Zipper-Bags-for-Chocolate-Manufacturer-DQ-PACK-1-2-1200x1200.webp 1200w, https:\/\/www.packagingofchina.com\/wp-content\/uploads\/2025\/11\/Custom-Printed-Doypack-Zipper-Bags-for-Chocolate-Manufacturer-DQ-PACK-1-2-600x600.webp 600w, https:\/\/www.packagingofchina.com\/wp-content\/uploads\/2025\/11\/Custom-Printed-Doypack-Zipper-Bags-for-Chocolate-Manufacturer-DQ-PACK-1-2-100x100.webp 100w\" sizes=\"(max-width: 1416px) 100vw, 1416px\" \/><\/figure>\n<\/div>\n<\/div>\n<\/div>\n<\/div>\n\n\n\n<figure class=\"wp-block-image size-full\"><img decoding=\"async\" width=\"1200\" height=\"400\" src=\"https:\/\/www.packagingofchina.com\/wp-content\/uploads\/2025\/09\/other-detail.webp\" alt=\"D\u00e9tail de l&#039;emballage personnalis\u00e9-DQ PACK\" class=\"wp-image-2576\" srcset=\"https:\/\/www.packagingofchina.com\/wp-content\/uploads\/2025\/09\/other-detail.webp 1200w, https:\/\/www.packagingofchina.com\/wp-content\/uploads\/2025\/09\/other-detail-300x100.webp 300w, https:\/\/www.packagingofchina.com\/wp-content\/uploads\/2025\/09\/other-detail-768x256.webp 768w, https:\/\/www.packagingofchina.com\/wp-content\/uploads\/2025\/09\/other-detail-18x6.webp 18w, https:\/\/www.packagingofchina.com\/wp-content\/uploads\/2025\/09\/other-detail-600x200.webp 600w\" sizes=\"(max-width: 1200px) 100vw, 1200px\" \/><\/figure>","protected":false},"excerpt":{"rendered":"<article class=\"text-token-text-primary w-full focus:outline-none [--shadow-height:45px] has-data-writing-block:pointer-events-none has-data-writing-block:-mt-(--shadow-height) has-data-writing-block:pt-(--shadow-height) [&amp;:has([data-writing-block])&gt;*]:pointer-events-auto [content-visibility:auto] supports-[content-visibility:auto]:[contain-intrinsic-size:auto_100lvh] scroll-mt-[calc(var(--header-height)+min(200px,max(70px,20svh)))]\" dir=\"auto\" tabindex=\"-1\" data-turn-id=\"request-WEB:eefc978a-dfde-44e1-b3ad-5875ca153bf9-8\" data-testid=\"conversation-turn-14\" data-scroll-anchor=\"true\" data-turn=\"assistant\">\n<div class=\"text-base my-auto mx-auto pb-10 [--thread-content-margin:--spacing(4)] thread-sm:[--thread-content-margin:--spacing(6)] thread-lg:[--thread-content-margin:--spacing(16)] px-(--thread-content-margin)\">\n<div class=\"[--thread-content-max-width:40rem] thread-lg:[--thread-content-max-width:48rem] mx-auto max-w-(--thread-content-max-width) flex-1 group\/turn-messages focus-visible:outline-hidden relative flex w-full min-w-0 flex-col agent-turn\" tabindex=\"-1\">\n<div class=\"flex max-w-full flex-col grow\">\n<div class=\"min-h-8 text-message relative flex w-full flex-col items-end gap-2 text-start break-words whitespace-normal [.text-message+&amp;]:mt-1\" dir=\"auto\" data-message-author-role=\"assistant\" data-message-id=\"3b60c963-b57a-4637-98f3-fc0cd15e66f1\" data-message-model-slug=\"gpt-5\">\n<div class=\"flex w-full flex-col gap-1 empty:hidden first:pt-[1px]\">\n<div class=\"markdown prose dark:prose-invert w-full break-words light markdown-new-styling\">\n<p data-start=\"0\" data-end=\"383\" data-is-last-node=\"\" data-is-only-node=\"\">DQ PACK custom printed doypack zipper bags for <strong data-start=\"8\" data-end=\"78\">chocolate, nuts, and snacks<\/strong> provide the perfect packaging solution for fresh treats. Made from FDA\/EU certified food-grade materials, these vertical pouches feature a convenient resealable design to keep every bite crispy and fresh. <strong data-start=\"284\" data-end=\"353\">Factory wholesale prices, free samples, and OEM\/ODM customization<\/strong> available \u2014 contact us today!<\/p>\n<\/div>\n<\/div>\n<\/div>\n<\/div>\n<\/div>\n<\/div>\n<\/article>\n<h2>Parameters of Custom Chocolate Zipper Bag<\/h2>\n<ul>\n<li><strong>Material<\/strong>: PET\/PE, PET\/NY\/PE, PET\/AL\/NY\/PE, etc <\/li>\n<li><strong>Bag Type<\/strong>:<a href=\"https:\/\/www.packagingofchina.com\/flexible-packaging\/custom-stand-up-pouch\/\"><strong> Stand up pouch<\/strong><\/a>, doypack zipper bags<\/li>\n<li><strong>Custom Order<\/strong>: Accept OEM &amp; ODM <\/li>\n<li><strong>Free Sample<\/strong>: Support <\/li>\n<li><strong>Usage<\/strong>: Snack, Dried Fruit, Candy, Cashew, Potato Chips, Nuts and more <\/li>\n<li><strong>Surface Handling<\/strong>: Gravure Printing <\/li>\n<li><strong>Color:<\/strong> Can Print Up to 13 Colors <\/li>\n<li><strong>Target Markets<\/strong>: All Over the World<\/li>\n<\/ul>\n","protected":false},"featured_media":2873,"comment_status":"closed","ping_status":"closed","template":"","meta":{"_acf_changed":false},"flexible-packaging":[24,29],"solution":[66,38,67,51,36,37],"product_brand":[],"product_cat":[18,52],"product_tag":[],"class_list":{"0":"post-2862","1":"product","2":"type-product","3":"status-publish","4":"has-post-thumbnail","6":"flexible-packaging-custom-stand-up-pouch","7":"flexible-packaging-custom-stand-up-zipper-pouch","8":"solution-bpa-free","9":"solution-high-barrier","10":"solution-leak-proof","11":"solution-moisture-proof","12":"solution-oil-resistance","13":"solution-puncture-resistance","14":"product_cat-custom-food-packaging-solutions","15":"product_cat-custom-snack-packaging","17":"first","18":"instock","19":"shipping-taxable","20":"product-type-simple"},"acf":[],"_links":{"self":[{"href":"https:\/\/www.packagingofchina.com\/fr\/wp-json\/wp\/v2\/product\/2862","targetHints":{"allow":["GET"]}}],"collection":[{"href":"https:\/\/www.packagingofchina.com\/fr\/wp-json\/wp\/v2\/product"}],"about":[{"href":"https:\/\/www.packagingofchina.com\/fr\/wp-json\/wp\/v2\/types\/product"}],"replies":[{"embeddable":true,"href":"https:\/\/www.packagingofchina.com\/fr\/wp-json\/wp\/v2\/comments?post=2862"}],"wp:featuredmedia":[{"embeddable":true,"href":"https:\/\/www.packagingofchina.com\/fr\/wp-json\/wp\/v2\/media\/2873"}],"wp:attachment":[{"href":"https:\/\/www.packagingofchina.com\/fr\/wp-json\/wp\/v2\/media?parent=2862"}],"wp:term":[{"taxonomy":"flexible-packaging","embeddable":true,"href":"https:\/\/www.packagingofchina.com\/fr\/wp-json\/wp\/v2\/flexible-packaging?post=2862"},{"taxonomy":"solution","embeddable":true,"href":"https:\/\/www.packagingofchina.com\/fr\/wp-json\/wp\/v2\/solution?post=2862"},{"taxonomy":"product_brand","embeddable":true,"href":"https:\/\/www.packagingofchina.com\/fr\/wp-json\/wp\/v2\/product_brand?post=2862"},{"taxonomy":"product_cat","embeddable":true,"href":"https:\/\/www.packagingofchina.com\/fr\/wp-json\/wp\/v2\/product_cat?post=2862"},{"taxonomy":"product_tag","embeddable":true,"href":"https:\/\/www.packagingofchina.com\/fr\/wp-json\/wp\/v2\/product_tag?post=2862"}],"curies":[{"name":"wp","href":"https:\/\/api.w.org\/{rel}","templated":true}]}}