{"id":2906,"date":"2025-11-14T04:01:41","date_gmt":"2025-11-14T04:01:41","guid":{"rendered":"https:\/\/www.packagingofchina.com\/?post_type=product&#038;p=2906"},"modified":"2025-11-14T04:01:43","modified_gmt":"2025-11-14T04:01:43","slug":"wholesale-sauce-pouch-packaging","status":"publish","type":"product","link":"https:\/\/www.packagingofchina.com\/fr\/produit\/wholesale-sauce-pouch-packaging\/","title":{"rendered":"Fabricant d'emballages de sauces en gros, sachets r\u00e9utilisables pour la vinaigrette, le ketchup, la mayonnaise et la p\u00e2te de chili"},"content":{"rendered":"<div class=\"wp-block-columns is-layout-flex wp-container-core-columns-is-layout-9d6595d7 wp-block-columns-is-layout-flex\">\n<div class=\"wp-block-column is-layout-flow wp-block-column-is-layout-flow\">\n<h3 class=\"wp-block-heading\">Pochettes de sauces en gros Caract\u00e9ristiques de l'emballage :<\/h3>\n\n\n\n<ul class=\"wp-block-list\">\n<li><strong>Soutenir les services personnalis\u00e9s :<\/strong> Fournir des solutions personnalis\u00e9es pour les sachets compressibles en termes de taille, de couleur et de motif. Particuli\u00e8rement adapt\u00e9 aux clients qui ont besoin d'un emballage de leur propre marque.<\/li>\n\n\n\n<li><strong>Compatibilit\u00e9 avec le remplissage \u00e0 chaud :<\/strong> prend en charge le processus de remplissage \u00e0 haute temp\u00e9rature afin de pr\u00e9server la fra\u00eecheur et la qualit\u00e9 des aliments.<\/li>\n\n\n\n<li><strong>Large Sauce Application :<\/strong> Id\u00e9al pour la vinaigrette, le ketchup, la p\u00e2te de chili, le miel et le sirop.<\/li>\n\n\n\n<li><strong>Joint \u00e9tanche et r\u00e9utilisable<\/strong>: La buse d'aspiration est munie d'un bouchon \u00e0 vis, ce qui permet d'\u00e9viter efficacement les fuites de liquide. Facile \u00e0 ouvrir et \u00e0 fermer, il peut \u00eatre scell\u00e9 plusieurs fois pour conserver la fra\u00eecheur du contenu.<\/li>\n\n\n\n<li><strong>Un savoir-faire exquis :<\/strong> Fabriqu\u00e9s selon plusieurs proc\u00e9d\u00e9s et soumis \u00e0 des contr\u00f4les de qualit\u00e9 stricts, ils garantissent des emballages durables, s\u00fbrs et fiables.<\/li>\n\n\n\n<li><strong>Fourniture directe par l'usine : <\/strong>En tant que fabricant professionnel d'emballages de sauces en gros, nous offrons des prix comp\u00e9titifs avec une qualit\u00e9 stable et une livraison rapide.<\/li>\n<\/ul>\n<\/div>\n\n\n\n<div class=\"wp-block-column is-layout-flow wp-block-column-is-layout-flow\"><div class=\"wp-block-image\">\n<figure class=\"aligncenter size-full\"><img decoding=\"async\" width=\"1000\" height=\"1000\" src=\"https:\/\/www.packagingofchina.com\/wp-content\/uploads\/2025\/11\/Custom-Sauce-Spout-Pouch-Manufacturer-DQ-PACK6.webp\" alt=\"\" class=\"wp-image-2912\" srcset=\"https:\/\/www.packagingofchina.com\/wp-content\/uploads\/2025\/11\/Custom-Sauce-Spout-Pouch-Manufacturer-DQ-PACK6.webp 1000w, https:\/\/www.packagingofchina.com\/wp-content\/uploads\/2025\/11\/Custom-Sauce-Spout-Pouch-Manufacturer-DQ-PACK6-300x300.webp 300w, https:\/\/www.packagingofchina.com\/wp-content\/uploads\/2025\/11\/Custom-Sauce-Spout-Pouch-Manufacturer-DQ-PACK6-150x150.webp 150w, https:\/\/www.packagingofchina.com\/wp-content\/uploads\/2025\/11\/Custom-Sauce-Spout-Pouch-Manufacturer-DQ-PACK6-768x768.webp 768w, https:\/\/www.packagingofchina.com\/wp-content\/uploads\/2025\/11\/Custom-Sauce-Spout-Pouch-Manufacturer-DQ-PACK6-12x12.webp 12w, https:\/\/www.packagingofchina.com\/wp-content\/uploads\/2025\/11\/Custom-Sauce-Spout-Pouch-Manufacturer-DQ-PACK6-600x600.webp 600w, https:\/\/www.packagingofchina.com\/wp-content\/uploads\/2025\/11\/Custom-Sauce-Spout-Pouch-Manufacturer-DQ-PACK6-100x100.webp 100w\" sizes=\"(max-width: 1000px) 100vw, 1000px\" \/><figcaption class=\"wp-element-caption\">M\u00e9thode de remplissage pour l'emballage de sachets de sauces en gros<\/figcaption><\/figure>\n<\/div><\/div>\n<\/div>\n\n\n<div class=\"wp-block-image\">\n<figure class=\"aligncenter size-full\"><img decoding=\"async\" width=\"1200\" height=\"600\" src=\"https:\/\/www.packagingofchina.com\/wp-content\/uploads\/2025\/07\/Spout-pouch-Selling-Point.webp\" alt=\"Pochette \u00e0 bec Argument de vente\" class=\"wp-image-1992\" srcset=\"https:\/\/www.packagingofchina.com\/wp-content\/uploads\/2025\/07\/Spout-pouch-Selling-Point.webp 1200w, https:\/\/www.packagingofchina.com\/wp-content\/uploads\/2025\/07\/Spout-pouch-Selling-Point-300x150.webp 300w, https:\/\/www.packagingofchina.com\/wp-content\/uploads\/2025\/07\/Spout-pouch-Selling-Point-768x384.webp 768w, https:\/\/www.packagingofchina.com\/wp-content\/uploads\/2025\/07\/Spout-pouch-Selling-Point-18x9.webp 18w, https:\/\/www.packagingofchina.com\/wp-content\/uploads\/2025\/07\/Spout-pouch-Selling-Point-600x300.webp 600w\" sizes=\"(max-width: 1200px) 100vw, 1200px\" \/><\/figure>\n<\/div>","protected":false},"excerpt":{"rendered":"<p>Cette pochette \u00e0 bec pour sauce est fabriqu\u00e9e dans un mat\u00e9riau de qualit\u00e9 alimentaire sans BPA, s\u00fbr et hygi\u00e9nique. Elle convient pour diverses sauces telles que la sauce salade, la sauce tomate, la sauce \u00e9pic\u00e9e, etc. L'embout de grand diam\u00e8tre est pratique pour le remplissage et le d\u00e9chargement. Plusieurs styles d'embouts sont disponibles et les embouts sont en acier inoxydable. <strong data-start=\"419\" data-end=\"443\">sachet press\u00e9 personnalis\u00e9<\/strong> options prises en charge. La structure \u00e9tanche est stable et le corps du sac peut \u00eatre plac\u00e9 verticalement, ce qui allie praticit\u00e9 et effet d'affichage. <br \/>En tant que fabricant professionnel d'emballages de sauce en gros, nous offrons des prix de gros comp\u00e9titifs et fournissons des \u00e9chantillons gratuits pour \u00e9valuation.<\/p>\n<h2>Param\u00e8tres de l'emballage des sachets de sauce<\/h2>\n<ul>\n<li><strong>Mat\u00e9riau :<\/strong> PET+AL+NY+PE\/ Sur mesure<\/li>\n<li><strong>Type de sac :<\/strong> <a href=\"https:\/\/www.packagingofchina.com\/fr\/flexible-packaging\/custom-spout-pouch\/\"><strong>Pochette \u00e0 bec<\/strong><\/a>, <strong>Pochette \u00e0 presser<\/strong><\/li>\n<li><strong>Taille :<\/strong> Sur mesure<\/li>\n<li><strong>Commande sur mesure :<\/strong> Acceptation des OEM et ODM<\/li>\n<li><strong>\u00c9chantillon gratuit :<\/strong> Soutien<\/li>\n<li><strong>Utilisation<\/strong>: sauce moutarde, sauce tomate, sauce \u00e9pic\u00e9e, etc.<\/li>\n<li><strong>Manipulation de surface<\/strong>: Impression en h\u00e9liogravure<\/li>\n<li><strong>Couleur<\/strong>: Peut imprimer jusqu'\u00e0 13 couleurs<\/li>\n<li><strong>March\u00e9s cibles :<\/strong> Partout dans le monde<\/li>\n<\/ul>","protected":false},"featured_media":2927,"comment_status":"closed","ping_status":"closed","template":"","meta":{"_acf_changed":false},"flexible-packaging":[30,25,86],"solution":[66,38,67,51,36,37,33,34],"product_brand":[],"product_cat":[18,60],"product_tag":[],"class_list":{"0":"post-2906","1":"product","2":"type-product","3":"status-publish","4":"has-post-thumbnail","6":"flexible-packaging-custom-shaped-pouch","7":"flexible-packaging-custom-spout-pouch","8":"flexible-packaging-custom-squeeze-pouches-wholesale","9":"solution-bpa-free","10":"solution-high-barrier","11":"solution-leak-proof","12":"solution-moisture-proof","13":"solution-oil-resistance","14":"solution-puncture-resistance","15":"solution-resist-high-temperature","16":"solution-sealing-liquids","17":"product_cat-custom-food-packaging-solutions","18":"product_cat-condiment-packaging-company","20":"first","21":"instock","22":"shipping-taxable","23":"product-type-simple"},"acf":[],"_links":{"self":[{"href":"https:\/\/www.packagingofchina.com\/fr\/wp-json\/wp\/v2\/product\/2906","targetHints":{"allow":["GET"]}}],"collection":[{"href":"https:\/\/www.packagingofchina.com\/fr\/wp-json\/wp\/v2\/product"}],"about":[{"href":"https:\/\/www.packagingofchina.com\/fr\/wp-json\/wp\/v2\/types\/product"}],"replies":[{"embeddable":true,"href":"https:\/\/www.packagingofchina.com\/fr\/wp-json\/wp\/v2\/comments?post=2906"}],"wp:featuredmedia":[{"embeddable":true,"href":"https:\/\/www.packagingofchina.com\/fr\/wp-json\/wp\/v2\/media\/2927"}],"wp:attachment":[{"href":"https:\/\/www.packagingofchina.com\/fr\/wp-json\/wp\/v2\/media?parent=2906"}],"wp:term":[{"taxonomy":"flexible-packaging","embeddable":true,"href":"https:\/\/www.packagingofchina.com\/fr\/wp-json\/wp\/v2\/flexible-packaging?post=2906"},{"taxonomy":"solution","embeddable":true,"href":"https:\/\/www.packagingofchina.com\/fr\/wp-json\/wp\/v2\/solution?post=2906"},{"taxonomy":"product_brand","embeddable":true,"href":"https:\/\/www.packagingofchina.com\/fr\/wp-json\/wp\/v2\/product_brand?post=2906"},{"taxonomy":"product_cat","embeddable":true,"href":"https:\/\/www.packagingofchina.com\/fr\/wp-json\/wp\/v2\/product_cat?post=2906"},{"taxonomy":"product_tag","embeddable":true,"href":"https:\/\/www.packagingofchina.com\/fr\/wp-json\/wp\/v2\/product_tag?post=2906"}],"curies":[{"name":"wp","href":"https:\/\/api.w.org\/{rel}","templated":true}]}}