{"id":2965,"date":"2025-11-19T02:11:32","date_gmt":"2025-11-19T02:11:32","guid":{"rendered":"https:\/\/www.packagingofchina.com\/?post_type=product&#038;p=2965"},"modified":"2025-11-19T02:11:33","modified_gmt":"2025-11-19T02:11:33","slug":"china-custom-dog-treat-bags-bulk","status":"publish","type":"product","link":"https:\/\/www.packagingofchina.com\/fr\/produit\/china-custom-dog-treat-bags-bulk\/","title":{"rendered":"Sacs de friandises pour chiens en Chine Emballage de nourriture pour animaux de compagnie Stand Up Zipper Pouch Wholesale"},"content":{"rendered":"<div class=\"wp-block-columns is-layout-flex wp-container-core-columns-is-layout-9d6595d7 wp-block-columns-is-layout-flex\">\n<div class=\"wp-block-column is-layout-flow wp-block-column-is-layout-flow\">\n<h3 class=\"wp-block-heading\">Sacs de friandises pour chiens personnalis\u00e9s Caract\u00e9ristiques :<\/h3>\n\n\n\n<ul class=\"wp-block-list\">\n<li><strong>Les mat\u00e9riaux de qualit\u00e9 alimentaire sont s\u00fbrs et fiables<\/strong>: Des mat\u00e9riaux de haute qualit\u00e9 alimentaire sont utilis\u00e9s pour garantir un stockage plus s\u00fbr des friandises pour animaux de compagnie, qui ne sont pas facilement affect\u00e9es par l'humidit\u00e9 ou la d\u00e9t\u00e9rioration. En tant que fabricant d'emballages pour aliments pour animaux, nous veillons \u00e0 ce que tous les sacs de friandises pour chiens personnalis\u00e9s r\u00e9pondent \u00e0 des normes de s\u00e9curit\u00e9 strictes.<\/li>\n\n\n\n<li><strong>La structure autoportante est stable et facile \u00e0 pr\u00e9senter :<\/strong> le type de sac rigide peut tenir debout de mani\u00e8re stable, il convient aux pr\u00e9sentations multi-sc\u00e8nes telles que les \u00e9tag\u00e8res et les stands, ce qui le rend id\u00e9al pour les marques qui recherchent des solutions de vente en gros de pochettes \u00e0 fermeture \u00e0 glissi\u00e8re qui tiennent debout.<\/li>\n\n\n\n<li><strong>La fen\u00eatre arri\u00e8re transparente am\u00e9liore la pr\u00e9sentation des produits :<\/strong> Les fen\u00eatres transparentes permettent aux consommateurs de voir le contenu, ce qui renforce la confiance des acheteurs lorsqu'ils choisissent des sacs de friandises pour chiens personnalis\u00e9s.<\/li>\n\n\n\n<li><strong>Plusieurs sp\u00e9cifications sont disponibles :<\/strong> Des petits paquets de grammes aux sacs familiaux de grande capacit\u00e9, ils peuvent \u00eatre personnalis\u00e9s et compatibles avec divers types de snacks pour animaux de compagnie fournis par un fabricant professionnel d'emballages pour aliments pour animaux de compagnie.<\/li>\n\n\n\n<li><strong>Convient \u00e0 de multiples processus d'emballage :<\/strong> La soci\u00e9t\u00e9 prend en charge les proc\u00e9d\u00e9s mats, brillants, UV localis\u00e9s, les effets m\u00e9talliques et d'autres proc\u00e9d\u00e9s pour cr\u00e9er un emballage plus textur\u00e9 pour les marques qui s'approvisionnent en gros en pochettes \u00e0 fermeture \u00e0 glissi\u00e8re.<\/li>\n\n\n\n<li><strong>Conception d'un trou de suspension pour le support :<\/strong> Des trous d'a\u00e9ronef ou des trous circulaires peuvent \u00eatre ajout\u00e9s pour faciliter la pr\u00e9sentation des rayons des supermarch\u00e9s, augmentant ainsi l'exposition visuelle.<\/li>\n\n\n\n<li><strong>Mat\u00e9riaux respectueux de l'environnement :<\/strong> Les mat\u00e9riaux personnalisables et recyclables peuvent r\u00e9pondre aux besoins de la marque en mati\u00e8re de protection de l'environnement et renforcer la popularit\u00e9 aupr\u00e8s des consommateurs, en particulier dans le cadre d'un partenariat avec un fabricant d'emballages pour aliments pour animaux de compagnie proposant des options durables.<\/li>\n<\/ul>\n<\/div>\n\n\n\n<div class=\"wp-block-column is-layout-flow wp-block-column-is-layout-flow\">\n<figure class=\"wp-block-image size-full\"><img decoding=\"async\" width=\"1416\" height=\"1416\" src=\"https:\/\/www.packagingofchina.com\/wp-content\/uploads\/2025\/11\/Custom-Stand-up-Zipper-Pouch-for-Pet-Treat-Food-Packaging-Supplier-DQ-PACK.webp\" alt=\"Pochette \u00e0 fermeture \u00e9clair pour l&#039;emballage de friandises pour animaux de compagnie Fournisseur -DQ PACK\" class=\"wp-image-2969\" srcset=\"https:\/\/www.packagingofchina.com\/wp-content\/uploads\/2025\/11\/Custom-Stand-up-Zipper-Pouch-for-Pet-Treat-Food-Packaging-Supplier-DQ-PACK.webp 1416w, https:\/\/www.packagingofchina.com\/wp-content\/uploads\/2025\/11\/Custom-Stand-up-Zipper-Pouch-for-Pet-Treat-Food-Packaging-Supplier-DQ-PACK-300x300.webp 300w, https:\/\/www.packagingofchina.com\/wp-content\/uploads\/2025\/11\/Custom-Stand-up-Zipper-Pouch-for-Pet-Treat-Food-Packaging-Supplier-DQ-PACK-150x150.webp 150w, https:\/\/www.packagingofchina.com\/wp-content\/uploads\/2025\/11\/Custom-Stand-up-Zipper-Pouch-for-Pet-Treat-Food-Packaging-Supplier-DQ-PACK-768x768.webp 768w, https:\/\/www.packagingofchina.com\/wp-content\/uploads\/2025\/11\/Custom-Stand-up-Zipper-Pouch-for-Pet-Treat-Food-Packaging-Supplier-DQ-PACK-12x12.webp 12w, https:\/\/www.packagingofchina.com\/wp-content\/uploads\/2025\/11\/Custom-Stand-up-Zipper-Pouch-for-Pet-Treat-Food-Packaging-Supplier-DQ-PACK-1200x1200.webp 1200w, https:\/\/www.packagingofchina.com\/wp-content\/uploads\/2025\/11\/Custom-Stand-up-Zipper-Pouch-for-Pet-Treat-Food-Packaging-Supplier-DQ-PACK-600x600.webp 600w, https:\/\/www.packagingofchina.com\/wp-content\/uploads\/2025\/11\/Custom-Stand-up-Zipper-Pouch-for-Pet-Treat-Food-Packaging-Supplier-DQ-PACK-100x100.webp 100w\" sizes=\"(max-width: 1416px) 100vw, 1416px\" \/><\/figure>\n<\/div>\n<\/div>\n\n\n\n<div class=\"wp-block-columns is-layout-flex wp-container-core-columns-is-layout-9d6595d7 wp-block-columns-is-layout-flex\">\n<div class=\"wp-block-column is-layout-flow wp-block-column-is-layout-flow\">\n<figure class=\"wp-block-image size-full\"><img decoding=\"async\" width=\"1416\" height=\"1416\" src=\"https:\/\/www.packagingofchina.com\/wp-content\/uploads\/2025\/11\/Custom-Stand-up-Zipper-Pouch-for-Pet-Treat-Food-Packaging-Manufacturer-DQ-PACK-3.webp\" alt=\"Pochette \u00e0 fermeture \u00e9clair pour l&#039;emballage de friandises pour animaux de compagnie - DQ PACK (3)\" class=\"wp-image-2968\" srcset=\"https:\/\/www.packagingofchina.com\/wp-content\/uploads\/2025\/11\/Custom-Stand-up-Zipper-Pouch-for-Pet-Treat-Food-Packaging-Manufacturer-DQ-PACK-3.webp 1416w, https:\/\/www.packagingofchina.com\/wp-content\/uploads\/2025\/11\/Custom-Stand-up-Zipper-Pouch-for-Pet-Treat-Food-Packaging-Manufacturer-DQ-PACK-3-300x300.webp 300w, https:\/\/www.packagingofchina.com\/wp-content\/uploads\/2025\/11\/Custom-Stand-up-Zipper-Pouch-for-Pet-Treat-Food-Packaging-Manufacturer-DQ-PACK-3-150x150.webp 150w, https:\/\/www.packagingofchina.com\/wp-content\/uploads\/2025\/11\/Custom-Stand-up-Zipper-Pouch-for-Pet-Treat-Food-Packaging-Manufacturer-DQ-PACK-3-768x768.webp 768w, https:\/\/www.packagingofchina.com\/wp-content\/uploads\/2025\/11\/Custom-Stand-up-Zipper-Pouch-for-Pet-Treat-Food-Packaging-Manufacturer-DQ-PACK-3-12x12.webp 12w, https:\/\/www.packagingofchina.com\/wp-content\/uploads\/2025\/11\/Custom-Stand-up-Zipper-Pouch-for-Pet-Treat-Food-Packaging-Manufacturer-DQ-PACK-3-1200x1200.webp 1200w, https:\/\/www.packagingofchina.com\/wp-content\/uploads\/2025\/11\/Custom-Stand-up-Zipper-Pouch-for-Pet-Treat-Food-Packaging-Manufacturer-DQ-PACK-3-600x600.webp 600w, https:\/\/www.packagingofchina.com\/wp-content\/uploads\/2025\/11\/Custom-Stand-up-Zipper-Pouch-for-Pet-Treat-Food-Packaging-Manufacturer-DQ-PACK-3-100x100.webp 100w\" sizes=\"(max-width: 1416px) 100vw, 1416px\" \/><\/figure>\n<\/div>\n\n\n\n<div class=\"wp-block-column is-layout-flow wp-block-column-is-layout-flow\">\n<figure class=\"wp-block-image size-full\"><img decoding=\"async\" width=\"1416\" height=\"1416\" src=\"https:\/\/www.packagingofchina.com\/wp-content\/uploads\/2025\/11\/Custom-Stand-up-Zipper-Pouch-for-Pet-Treat-Food-Packaging-Manufacturer-DQ-PACK-2.webp\" alt=\"Pochette \u00e0 fermeture \u00e9clair pour l&#039;emballage de friandises pour animaux de compagnie - DQ PACK (2)\" class=\"wp-image-2967\" srcset=\"https:\/\/www.packagingofchina.com\/wp-content\/uploads\/2025\/11\/Custom-Stand-up-Zipper-Pouch-for-Pet-Treat-Food-Packaging-Manufacturer-DQ-PACK-2.webp 1416w, https:\/\/www.packagingofchina.com\/wp-content\/uploads\/2025\/11\/Custom-Stand-up-Zipper-Pouch-for-Pet-Treat-Food-Packaging-Manufacturer-DQ-PACK-2-300x300.webp 300w, https:\/\/www.packagingofchina.com\/wp-content\/uploads\/2025\/11\/Custom-Stand-up-Zipper-Pouch-for-Pet-Treat-Food-Packaging-Manufacturer-DQ-PACK-2-150x150.webp 150w, https:\/\/www.packagingofchina.com\/wp-content\/uploads\/2025\/11\/Custom-Stand-up-Zipper-Pouch-for-Pet-Treat-Food-Packaging-Manufacturer-DQ-PACK-2-768x768.webp 768w, https:\/\/www.packagingofchina.com\/wp-content\/uploads\/2025\/11\/Custom-Stand-up-Zipper-Pouch-for-Pet-Treat-Food-Packaging-Manufacturer-DQ-PACK-2-12x12.webp 12w, https:\/\/www.packagingofchina.com\/wp-content\/uploads\/2025\/11\/Custom-Stand-up-Zipper-Pouch-for-Pet-Treat-Food-Packaging-Manufacturer-DQ-PACK-2-1200x1200.webp 1200w, https:\/\/www.packagingofchina.com\/wp-content\/uploads\/2025\/11\/Custom-Stand-up-Zipper-Pouch-for-Pet-Treat-Food-Packaging-Manufacturer-DQ-PACK-2-600x600.webp 600w, https:\/\/www.packagingofchina.com\/wp-content\/uploads\/2025\/11\/Custom-Stand-up-Zipper-Pouch-for-Pet-Treat-Food-Packaging-Manufacturer-DQ-PACK-2-100x100.webp 100w\" sizes=\"(max-width: 1416px) 100vw, 1416px\" \/><\/figure>\n<\/div>\n<\/div>","protected":false},"excerpt":{"rendered":"<p>Bienvenue \u00e0 l'achat de nos sacs de friandises pour chiens personnalis\u00e9s fabriqu\u00e9s \u00e0 partir de mat\u00e9riaux de qualit\u00e9 alimentaire sup\u00e9rieure. En tant que fabricant professionnel d'emballages pour aliments pour animaux, nous proposons des prix de gros d'usine, des \u00e9chantillons gratuits et des options de vente en gros de sachets \u00e0 fermeture \u00e9clair pour soutenir l'emballage des friandises pour animaux de compagnie de votre marque.<\/p>\n<h2>Sacs de friandises pour chiens personnalis\u00e9s Param\u00e8tre :<\/h2>\n<ul>\n<li><strong>Fabricant :<\/strong> <a href=\"https:\/\/www.packagingofchina.com\/fr\/\"><strong>PACK DQ<\/strong><\/a><\/li>\n<li><strong>Mat\u00e9riau :<\/strong>\u00a0PET\/PE, PET\/NY\/PE, PET\/AL\/NY\/PE, etc.<\/li>\n<li><strong>Type de sac :<\/strong> <a href=\"https:\/\/www.packagingofchina.com\/fr\/flexible-packaging\/custom-stand-up-pouch\/\"><em><strong>Pochette Stand Up<\/strong><\/em><\/a><\/li>\n<li><strong>Commande sur mesure :<\/strong>\u00a0Acceptation des OEM et ODM<\/li>\n<li><strong>\u00c9chantillon gratuit :<\/strong>\u00a0Soutien<\/li>\n<li><strong>Utilisation :<\/strong> Snack, fruits secs, bonbons, chocolat, sucettes, etc.<\/li>\n<li><strong>Manipulation en surface :<\/strong>\u00a0Impression en h\u00e9liogravure<\/li>\n<li><strong>Couleur :<\/strong>\u00a0Peut imprimer jusqu'\u00e0 13 couleurs<\/li>\n<li><strong>March\u00e9s cibles :<\/strong>\u00a0Partout dans le monde<\/li>\n<\/ul>","protected":false},"featured_media":2976,"comment_status":"closed","ping_status":"closed","template":"","meta":{"_acf_changed":false},"flexible-packaging":[29],"solution":[66,50,38,67,51,37],"product_brand":[],"product_cat":[16,40],"product_tag":[],"class_list":{"0":"post-2965","1":"product","2":"type-product","3":"status-publish","4":"has-post-thumbnail","6":"flexible-packaging-custom-stand-up-zipper-pouch","7":"solution-bpa-free","8":"solution-clear-window","9":"solution-high-barrier","10":"solution-leak-proof","11":"solution-moisture-proof","12":"solution-puncture-resistance","13":"product_cat-custom-pet-care-packaging","14":"product_cat-custom-pet-treat-packaging","16":"first","17":"instock","18":"shipping-taxable","19":"product-type-simple"},"acf":[],"_links":{"self":[{"href":"https:\/\/www.packagingofchina.com\/fr\/wp-json\/wp\/v2\/product\/2965","targetHints":{"allow":["GET"]}}],"collection":[{"href":"https:\/\/www.packagingofchina.com\/fr\/wp-json\/wp\/v2\/product"}],"about":[{"href":"https:\/\/www.packagingofchina.com\/fr\/wp-json\/wp\/v2\/types\/product"}],"replies":[{"embeddable":true,"href":"https:\/\/www.packagingofchina.com\/fr\/wp-json\/wp\/v2\/comments?post=2965"}],"wp:featuredmedia":[{"embeddable":true,"href":"https:\/\/www.packagingofchina.com\/fr\/wp-json\/wp\/v2\/media\/2976"}],"wp:attachment":[{"href":"https:\/\/www.packagingofchina.com\/fr\/wp-json\/wp\/v2\/media?parent=2965"}],"wp:term":[{"taxonomy":"flexible-packaging","embeddable":true,"href":"https:\/\/www.packagingofchina.com\/fr\/wp-json\/wp\/v2\/flexible-packaging?post=2965"},{"taxonomy":"solution","embeddable":true,"href":"https:\/\/www.packagingofchina.com\/fr\/wp-json\/wp\/v2\/solution?post=2965"},{"taxonomy":"product_brand","embeddable":true,"href":"https:\/\/www.packagingofchina.com\/fr\/wp-json\/wp\/v2\/product_brand?post=2965"},{"taxonomy":"product_cat","embeddable":true,"href":"https:\/\/www.packagingofchina.com\/fr\/wp-json\/wp\/v2\/product_cat?post=2965"},{"taxonomy":"product_tag","embeddable":true,"href":"https:\/\/www.packagingofchina.com\/fr\/wp-json\/wp\/v2\/product_tag?post=2965"}],"curies":[{"name":"wp","href":"https:\/\/api.w.org\/{rel}","templated":true}]}}