{"id":3181,"date":"2026-01-05T01:45:38","date_gmt":"2026-01-05T01:45:38","guid":{"rendered":"https:\/\/www.packagingofchina.com\/?post_type=product&#038;p=3181"},"modified":"2026-01-05T01:45:39","modified_gmt":"2026-01-05T01:45:39","slug":"wholesale-laundry-detergent-bag","status":"publish","type":"product","link":"https:\/\/www.packagingofchina.com\/fr\/produit\/wholesale-laundry-detergent-bag\/","title":{"rendered":"Sacs de d\u00e9tergent en gros, sachets recyclables de 1.8KG pour l'emballage de liquides"},"content":{"rendered":"<div class=\"wp-block-columns is-layout-flex wp-container-core-columns-is-layout-9d6595d7 wp-block-columns-is-layout-flex\">\n<div class=\"wp-block-column is-layout-flow wp-block-column-is-layout-flow\">\n<h2 class=\"wp-block-heading\">Caract\u00e9ristiques des sacs de d\u00e9tergent en gros<\/h2>\n\n\n\n<p><strong>Quantification pr\u00e9cise - \u00c9tanch\u00e9it\u00e9 et durabilit\u00e9<\/strong>: Le bec s'ouvre et se ferme en douceur avec une forte performance d'\u00e9tanch\u00e9it\u00e9, emp\u00eachant efficacement les fuites. Con\u00e7u par un fabricant exp\u00e9riment\u00e9 de sacs \u00e0 bec, ce sac de d\u00e9tergent en gros permet un contr\u00f4le pr\u00e9cis du d\u00e9bit de liquide afin de r\u00e9duire les r\u00e9sidus et les d\u00e9chets, ce qui le rend id\u00e9al pour les produits de lavage \u00e0 forte concentration.<\/p>\n\n\n\n<p><strong>Tenir fermement - Gagner de l'espace<\/strong>: Le support inf\u00e9rieur renforc\u00e9 permet au sachet de se tenir debout apr\u00e8s remplissage, ce qui am\u00e9liore la pr\u00e9sentation en rayon et l'efficacit\u00e9 du stockage \u00e0 domicile. En tant que sac de d\u00e9tergent en gros peu encombrant, la structure plate et verticale am\u00e9liore consid\u00e9rablement l'utilisation du stockage et du transport.<\/p>\n\n\n\n<p><strong>Un pressage facile - Une exp\u00e9rience z\u00e9ro d\u00e9chet<\/strong>: Le corps souple de la poche est facile \u00e0 presser, ce qui permet de vider compl\u00e8tement les liquides, m\u00eame ceux \u00e0 forte viscosit\u00e9, sans avoir \u00e0 les verser ou \u00e0 les couper \u00e0 plusieurs reprises. Cette conception conviviale refl\u00e8te l'expertise pratique d'une usine professionnelle de fabrication de poches \u00e0 bec.<\/p>\n\n\n\n<p><strong>Compatible avec le remplissage automatis\u00e9 \u00e0 grande vitesse<\/strong>: La structure du sachet est con\u00e7ue pour s'adapter aux \u00e9quipements de remplissage automatique les plus courants, ce qui permet de r\u00e9pondre aux exigences de production \u00e0 grande \u00e9chelle et \u00e0 haut rendement.<\/p>\n\n\n\n<p><strong>Enti\u00e8rement personnalisable<\/strong>: En tant que fabricant fiable de sachets \u00e0 bec, nous proposons des solutions OEM\/ODM et des marques de distributeur, offrant de multiples options de taille et une impression en couleur pour aider les marques \u00e0 cr\u00e9er un fort impact en rayon avec des emballages de sachets de d\u00e9tergent \u00e0 lessive en gros personnalis\u00e9s.<\/p>\n<\/div>\n\n\n\n<div class=\"wp-block-column is-layout-flow wp-block-column-is-layout-flow\">\n<figure class=\"wp-block-image size-full\"><img decoding=\"async\" width=\"2269\" height=\"1794\" src=\"https:\/\/www.packagingofchina.com\/wp-content\/uploads\/2025\/12\/Custom-Spout-Pouch-for-Laundry-Detergent-Packaging-Manufacturer-DQ-PACK-4.webp\" alt=\"Pochette \u00e0 bec personnalis\u00e9e pour l&#039;emballage de d\u00e9tergent \u00e0 lessive - DQ PACK (4)\" class=\"wp-image-3186\" srcset=\"https:\/\/www.packagingofchina.com\/wp-content\/uploads\/2025\/12\/Custom-Spout-Pouch-for-Laundry-Detergent-Packaging-Manufacturer-DQ-PACK-4.webp 2269w, https:\/\/www.packagingofchina.com\/wp-content\/uploads\/2025\/12\/Custom-Spout-Pouch-for-Laundry-Detergent-Packaging-Manufacturer-DQ-PACK-4-300x237.webp 300w, https:\/\/www.packagingofchina.com\/wp-content\/uploads\/2025\/12\/Custom-Spout-Pouch-for-Laundry-Detergent-Packaging-Manufacturer-DQ-PACK-4-768x607.webp 768w, https:\/\/www.packagingofchina.com\/wp-content\/uploads\/2025\/12\/Custom-Spout-Pouch-for-Laundry-Detergent-Packaging-Manufacturer-DQ-PACK-4-15x12.webp 15w, https:\/\/www.packagingofchina.com\/wp-content\/uploads\/2025\/12\/Custom-Spout-Pouch-for-Laundry-Detergent-Packaging-Manufacturer-DQ-PACK-4-1200x949.webp 1200w, https:\/\/www.packagingofchina.com\/wp-content\/uploads\/2025\/12\/Custom-Spout-Pouch-for-Laundry-Detergent-Packaging-Manufacturer-DQ-PACK-4-600x474.webp 600w\" sizes=\"(max-width: 2269px) 100vw, 2269px\" \/><\/figure>\n<\/div>\n<\/div>\n\n\n\n<p><\/p>","protected":false},"excerpt":{"rendered":"<p>Con\u00e7u pour la lessive liquide et l'assouplissant, ce sac de 1,8 kg pour la lessive en gros est dot\u00e9 d'une structure de poche \u00e0 bec qui permet d'\u00e9conomiser de l'espace en rayon. En tant que fabricant professionnel de sachets \u00e0 bec, nous proposons des embouts \u00e9tanches, un versement pr\u00e9cis, une conception r\u00e9utilisable et une impression personnalis\u00e9e en couleur pour la visibilit\u00e9 de la marque - une solution d'emballage liquide efficace et rentable.<\/p>\n<h2>Param\u00e8tres des sacs de d\u00e9tergents en gros<\/h2>\n<ul>\n<li><strong>Mat\u00e9riau :<\/strong> PET\/PE, PET\/NY\/PE, PET\/AL\/NY\/PE, etc.<\/li>\n<li><strong>Type de sac :<\/strong> Pochette \u00e0 bec<\/li>\n<li><strong>Taille :<\/strong> Sur mesure<\/li>\n<li><strong>Commande sur mesure :<\/strong> Acceptation des OEM et ODM<\/li>\n<li><strong>\u00c9chantillon gratuit :<\/strong> Soutien<\/li>\n<li><strong>Utilisation :<\/strong> Savon liquide, d\u00e9tergent, shampoing, lessive, gel douche, etc.<\/li>\n<li><strong>Manipulation en surface :<\/strong> Impression en h\u00e9liogravure<\/li>\n<li><strong>Couleur :<\/strong> Peut imprimer jusqu'\u00e0 13 couleurs<\/li>\n<li><strong>March\u00e9s cibles :<\/strong> Partout dans le monde<\/li>\n<\/ul>","protected":false},"featured_media":3236,"comment_status":"closed","ping_status":"closed","template":"","meta":{"_acf_changed":false},"flexible-packaging":[25],"solution":[66,38,67,51,36,37,34],"product_brand":[],"product_cat":[17,46],"product_tag":[],"class_list":{"0":"post-3181","1":"product","2":"type-product","3":"status-publish","4":"has-post-thumbnail","6":"flexible-packaging-custom-spout-pouch","7":"solution-bpa-free","8":"solution-high-barrier","9":"solution-leak-proof","10":"solution-moisture-proof","11":"solution-oil-resistance","12":"solution-puncture-resistance","13":"solution-sealing-liquids","14":"product_cat-custom-non-food-packaging-solutions","15":"product_cat-home-care-packaging","17":"first","18":"instock","19":"shipping-taxable","20":"product-type-simple"},"acf":[],"_links":{"self":[{"href":"https:\/\/www.packagingofchina.com\/fr\/wp-json\/wp\/v2\/product\/3181","targetHints":{"allow":["GET"]}}],"collection":[{"href":"https:\/\/www.packagingofchina.com\/fr\/wp-json\/wp\/v2\/product"}],"about":[{"href":"https:\/\/www.packagingofchina.com\/fr\/wp-json\/wp\/v2\/types\/product"}],"replies":[{"embeddable":true,"href":"https:\/\/www.packagingofchina.com\/fr\/wp-json\/wp\/v2\/comments?post=3181"}],"wp:featuredmedia":[{"embeddable":true,"href":"https:\/\/www.packagingofchina.com\/fr\/wp-json\/wp\/v2\/media\/3236"}],"wp:attachment":[{"href":"https:\/\/www.packagingofchina.com\/fr\/wp-json\/wp\/v2\/media?parent=3181"}],"wp:term":[{"taxonomy":"flexible-packaging","embeddable":true,"href":"https:\/\/www.packagingofchina.com\/fr\/wp-json\/wp\/v2\/flexible-packaging?post=3181"},{"taxonomy":"solution","embeddable":true,"href":"https:\/\/www.packagingofchina.com\/fr\/wp-json\/wp\/v2\/solution?post=3181"},{"taxonomy":"product_brand","embeddable":true,"href":"https:\/\/www.packagingofchina.com\/fr\/wp-json\/wp\/v2\/product_brand?post=3181"},{"taxonomy":"product_cat","embeddable":true,"href":"https:\/\/www.packagingofchina.com\/fr\/wp-json\/wp\/v2\/product_cat?post=3181"},{"taxonomy":"product_tag","embeddable":true,"href":"https:\/\/www.packagingofchina.com\/fr\/wp-json\/wp\/v2\/product_tag?post=3181"}],"curies":[{"name":"wp","href":"https:\/\/api.w.org\/{rel}","templated":true}]}}