{"id":3482,"date":"2026-02-25T10:20:23","date_gmt":"2026-02-25T10:20:23","guid":{"rendered":"https:\/\/www.packagingofchina.com\/?post_type=product&#038;p=3482"},"modified":"2026-02-25T10:20:24","modified_gmt":"2026-02-25T10:20:24","slug":"custom-logo-stand-up-zipper-pouch","status":"publish","type":"product","link":"https:\/\/www.packagingofchina.com\/fr\/produit\/custom-logo-stand-up-zipper-pouch\/","title":{"rendered":"Pochette \u00e0 fermeture \u00e9clair avec logo en feuille d'or pour graines de tournesol et de melon, sac en plastique Mylar r\u00e9utilisable"},"content":{"rendered":"<div class=\"wp-block-columns is-layout-flex wp-container-core-columns-is-layout-9d6595d7 wp-block-columns-is-layout-flex\">\n<div class=\"wp-block-column is-layout-flow wp-block-column-is-layout-flow\">\n<h2 class=\"wp-block-heading\">Pochette \u00e0 fermeture \u00e9clair avec logo personnalis\u00e9 Caract\u00e9ristiques<\/h2>\n\n\n\n<p><strong>Processus de marquage \u00e0 chaud : <\/strong>des couleurs vives et durables qui ne s'effritent pas, une texture de haute qualit\u00e9, une meilleure reconnaissance de la marque et un prix plus \u00e9lev\u00e9 pour les produits.<\/p>\n\n\n\n<p><strong>Structure de pr\u00e9sentation autoportante :<\/strong>&nbsp;fond \u00e9largi, centre de gravit\u00e9 stable apr\u00e8s le remplissage, peut tenir debout sans support, tr\u00e8s avantageux pour la pr\u00e9sentation en rayon.<\/p>\n\n\n\n<p><strong>Barri\u00e8re anti-humidit\u00e9 \u00e9paissie :<\/strong>&nbsp;Fabriqu\u00e9 en mat\u00e9riau composite de haute qualit\u00e9, il isole l'oxyg\u00e8ne et la vapeur d'eau, emp\u00eachant efficacement l'oxydation de l'huile et garantissant que les graines de melon restent croustillantes et ne reprennent pas l'humidit\u00e9.<\/p>\n\n\n\n<p><strong>Fermeture \u00e9clair \u00e9largie scell\u00e9e : <\/strong>Structure de fermeture \u00e0 glissi\u00e8re scell\u00e9e, ouverture et fermeture r\u00e9p\u00e9t\u00e9es sans fuite d'air, blocage efficace de l'air et de l'humidit\u00e9, maintien ferme de la texture croustillante des graines de melon et allongement de la dur\u00e9e de conservation.<\/p>\n<\/div>\n\n\n\n<div class=\"wp-block-column is-layout-flow wp-block-column-is-layout-flow\">\n<figure class=\"wp-block-image size-full\"><img decoding=\"async\" width=\"1476\" height=\"1476\" src=\"https:\/\/www.packagingofchina.com\/wp-content\/uploads\/2026\/02\/Custom-Stand-up-Zipper-Pouch-for-Seed-Packaging-Supplier-DQ-PACK-1.webp\" alt=\"Pochette \u00e0 fermeture \u00e9clair pour l&#039;emballage des semences Fournisseur - DQ PACK (1)\" class=\"wp-image-3488\" srcset=\"https:\/\/www.packagingofchina.com\/wp-content\/uploads\/2026\/02\/Custom-Stand-up-Zipper-Pouch-for-Seed-Packaging-Supplier-DQ-PACK-1.webp 1476w, https:\/\/www.packagingofchina.com\/wp-content\/uploads\/2026\/02\/Custom-Stand-up-Zipper-Pouch-for-Seed-Packaging-Supplier-DQ-PACK-1-300x300.webp 300w, https:\/\/www.packagingofchina.com\/wp-content\/uploads\/2026\/02\/Custom-Stand-up-Zipper-Pouch-for-Seed-Packaging-Supplier-DQ-PACK-1-150x150.webp 150w, https:\/\/www.packagingofchina.com\/wp-content\/uploads\/2026\/02\/Custom-Stand-up-Zipper-Pouch-for-Seed-Packaging-Supplier-DQ-PACK-1-768x768.webp 768w, https:\/\/www.packagingofchina.com\/wp-content\/uploads\/2026\/02\/Custom-Stand-up-Zipper-Pouch-for-Seed-Packaging-Supplier-DQ-PACK-1-12x12.webp 12w, https:\/\/www.packagingofchina.com\/wp-content\/uploads\/2026\/02\/Custom-Stand-up-Zipper-Pouch-for-Seed-Packaging-Supplier-DQ-PACK-1-1200x1200.webp 1200w, https:\/\/www.packagingofchina.com\/wp-content\/uploads\/2026\/02\/Custom-Stand-up-Zipper-Pouch-for-Seed-Packaging-Supplier-DQ-PACK-1-600x600.webp 600w, https:\/\/www.packagingofchina.com\/wp-content\/uploads\/2026\/02\/Custom-Stand-up-Zipper-Pouch-for-Seed-Packaging-Supplier-DQ-PACK-1-100x100.webp 100w\" sizes=\"(max-width: 1476px) 100vw, 1476px\" \/><\/figure>\n<\/div>\n<\/div>\n\n\n\n<div class=\"wp-block-columns is-layout-flex wp-container-core-columns-is-layout-9d6595d7 wp-block-columns-is-layout-flex\">\n<div class=\"wp-block-column is-layout-flow wp-block-column-is-layout-flow\">\n<figure class=\"wp-block-image size-full\"><img decoding=\"async\" width=\"1476\" height=\"1476\" src=\"https:\/\/www.packagingofchina.com\/wp-content\/uploads\/2026\/02\/Custom-Stand-up-Zipper-Pouch-for-Seed-Packaging-Supplier-DQ-PACK-3.webp\" alt=\"Pochette \u00e0 fermeture \u00e9clair pour l&#039;emballage des semences Fournisseur - DQ PACK (3)\" class=\"wp-image-3486\" srcset=\"https:\/\/www.packagingofchina.com\/wp-content\/uploads\/2026\/02\/Custom-Stand-up-Zipper-Pouch-for-Seed-Packaging-Supplier-DQ-PACK-3.webp 1476w, https:\/\/www.packagingofchina.com\/wp-content\/uploads\/2026\/02\/Custom-Stand-up-Zipper-Pouch-for-Seed-Packaging-Supplier-DQ-PACK-3-300x300.webp 300w, https:\/\/www.packagingofchina.com\/wp-content\/uploads\/2026\/02\/Custom-Stand-up-Zipper-Pouch-for-Seed-Packaging-Supplier-DQ-PACK-3-150x150.webp 150w, https:\/\/www.packagingofchina.com\/wp-content\/uploads\/2026\/02\/Custom-Stand-up-Zipper-Pouch-for-Seed-Packaging-Supplier-DQ-PACK-3-768x768.webp 768w, https:\/\/www.packagingofchina.com\/wp-content\/uploads\/2026\/02\/Custom-Stand-up-Zipper-Pouch-for-Seed-Packaging-Supplier-DQ-PACK-3-12x12.webp 12w, https:\/\/www.packagingofchina.com\/wp-content\/uploads\/2026\/02\/Custom-Stand-up-Zipper-Pouch-for-Seed-Packaging-Supplier-DQ-PACK-3-1200x1200.webp 1200w, https:\/\/www.packagingofchina.com\/wp-content\/uploads\/2026\/02\/Custom-Stand-up-Zipper-Pouch-for-Seed-Packaging-Supplier-DQ-PACK-3-600x600.webp 600w, https:\/\/www.packagingofchina.com\/wp-content\/uploads\/2026\/02\/Custom-Stand-up-Zipper-Pouch-for-Seed-Packaging-Supplier-DQ-PACK-3-100x100.webp 100w\" sizes=\"(max-width: 1476px) 100vw, 1476px\" \/><\/figure>\n<\/div>\n\n\n\n<div class=\"wp-block-column is-layout-flow wp-block-column-is-layout-flow\">\n<figure class=\"wp-block-image size-full\"><img decoding=\"async\" width=\"1476\" height=\"1476\" src=\"https:\/\/www.packagingofchina.com\/wp-content\/uploads\/2026\/02\/Custom-Stand-up-Zipper-Pouch-for-Seed-Packaging-Supplier-DQ-PACK-4.webp\" alt=\"Pochette \u00e0 fermeture \u00e9clair pour l&#039;emballage des semences Fournisseur - DQ PACK (4)\" class=\"wp-image-3485\" srcset=\"https:\/\/www.packagingofchina.com\/wp-content\/uploads\/2026\/02\/Custom-Stand-up-Zipper-Pouch-for-Seed-Packaging-Supplier-DQ-PACK-4.webp 1476w, https:\/\/www.packagingofchina.com\/wp-content\/uploads\/2026\/02\/Custom-Stand-up-Zipper-Pouch-for-Seed-Packaging-Supplier-DQ-PACK-4-300x300.webp 300w, https:\/\/www.packagingofchina.com\/wp-content\/uploads\/2026\/02\/Custom-Stand-up-Zipper-Pouch-for-Seed-Packaging-Supplier-DQ-PACK-4-150x150.webp 150w, https:\/\/www.packagingofchina.com\/wp-content\/uploads\/2026\/02\/Custom-Stand-up-Zipper-Pouch-for-Seed-Packaging-Supplier-DQ-PACK-4-768x768.webp 768w, https:\/\/www.packagingofchina.com\/wp-content\/uploads\/2026\/02\/Custom-Stand-up-Zipper-Pouch-for-Seed-Packaging-Supplier-DQ-PACK-4-12x12.webp 12w, https:\/\/www.packagingofchina.com\/wp-content\/uploads\/2026\/02\/Custom-Stand-up-Zipper-Pouch-for-Seed-Packaging-Supplier-DQ-PACK-4-1200x1200.webp 1200w, https:\/\/www.packagingofchina.com\/wp-content\/uploads\/2026\/02\/Custom-Stand-up-Zipper-Pouch-for-Seed-Packaging-Supplier-DQ-PACK-4-600x600.webp 600w, https:\/\/www.packagingofchina.com\/wp-content\/uploads\/2026\/02\/Custom-Stand-up-Zipper-Pouch-for-Seed-Packaging-Supplier-DQ-PACK-4-100x100.webp 100w\" sizes=\"(max-width: 1476px) 100vw, 1476px\" \/><\/figure>\n<\/div>\n<\/div>\n\n\n\n<figure class=\"wp-block-image size-full\"><img decoding=\"async\" width=\"1200\" height=\"400\" src=\"https:\/\/www.packagingofchina.com\/wp-content\/uploads\/2025\/09\/other-detail.webp\" alt=\"D\u00e9tail de l&#039;emballage personnalis\u00e9-DQ PACK\" class=\"wp-image-2576\" srcset=\"https:\/\/www.packagingofchina.com\/wp-content\/uploads\/2025\/09\/other-detail.webp 1200w, https:\/\/www.packagingofchina.com\/wp-content\/uploads\/2025\/09\/other-detail-300x100.webp 300w, https:\/\/www.packagingofchina.com\/wp-content\/uploads\/2025\/09\/other-detail-768x256.webp 768w, https:\/\/www.packagingofchina.com\/wp-content\/uploads\/2025\/09\/other-detail-18x6.webp 18w, https:\/\/www.packagingofchina.com\/wp-content\/uploads\/2025\/09\/other-detail-600x200.webp 600w\" sizes=\"(max-width: 1200px) 100vw, 1200px\" \/><\/figure>","protected":false},"excerpt":{"rendered":"<p>\u00a0Ce sac \u00e0 fermeture \u00e9clair est sp\u00e9cialement con\u00e7u pour les produits saut\u00e9s haut de gamme et utilise la technologie de l'estampage \u00e0 chaud pour rehausser l'image de la marque. Le mat\u00e9riau composite \u00e9paissi pr\u00e9sente une excellente r\u00e9sistance \u00e0 l'oxyg\u00e8ne et \u00e0 l'humidit\u00e9, ce qui garantit que les graines de melon sont toujours croustillantes et parfum\u00e9es. L'emballage est dot\u00e9 d'une fermeture \u00e0 glissi\u00e8re scell\u00e9e, qui permet des ouvertures r\u00e9p\u00e9t\u00e9es, et d'une large structure autoportante \u00e0 la base pour une pr\u00e9sentation stable et un gain d'espace. Il s'agit non seulement d'un emballage, mais aussi d'un outil de marketing permettant d'accro\u00eetre la valeur du produit.<\/p>\n<h2>Param\u00e8tres de<strong><b>\u00a0<\/b><\/strong><strong><b>Fermeture \u00e0 glissi\u00e8re<\/b><\/strong><strong><b>\u00a0Pochette<\/b><\/strong><\/h2>\n<ul>\n<li><b><\/b><strong><b>Mat\u00e9riau : <\/b><\/strong>PET\/PE, PET\/NY\/PE, PET\/AL\/NY\/PE, etc.<\/li>\n<li><b><\/b><strong><b>Type de sac : <\/b><\/strong>Pochette \u00e0 fermeture \u00e9clair<\/li>\n<li><b><\/b><strong><b>Commande sur mesure : <\/b><\/strong>Acceptation des OEM et ODM<\/li>\n<li><b><\/b><strong><b>\u00c9chantillon gratuit : <\/b><\/strong>Soutien<\/li>\n<li><b><\/b><strong><b>Utilisation : <\/b><\/strong>Bonbons, chocolat, noix, produits de boulangerie, aliments pour animaux, fruits secs et autres<\/li>\n<li><b><\/b><strong><b>Manipulation en surface : <\/b><\/strong>Impression en h\u00e9liogravure<\/li>\n<li><b><\/b><strong><b>Poisson de surface : <\/b><\/strong>Brillant, mat, UV , estampage<\/li>\n<li><b><\/b><strong><b>Couleur : <\/b><\/strong>Peut imprimer jusqu'\u00e0 13 couleurs<\/li>\n<li><b><\/b><strong><b>March\u00e9s cibles : <\/b><\/strong>Partout dans le monde<\/li>\n<\/ul>","protected":false},"featured_media":3488,"comment_status":"closed","ping_status":"closed","template":"","meta":{"_acf_changed":false},"flexible-packaging":[29],"solution":[50,38,67,51,36,37],"product_brand":[],"product_cat":[18,52],"product_tag":[],"class_list":{"0":"post-3482","1":"product","2":"type-product","3":"status-publish","4":"has-post-thumbnail","6":"flexible-packaging-custom-stand-up-zipper-pouch","7":"solution-clear-window","8":"solution-high-barrier","9":"solution-leak-proof","10":"solution-moisture-proof","11":"solution-oil-resistance","12":"solution-puncture-resistance","13":"product_cat-custom-food-packaging-solutions","14":"product_cat-custom-snack-packaging","16":"first","17":"instock","18":"shipping-taxable","19":"product-type-simple"},"acf":[],"_links":{"self":[{"href":"https:\/\/www.packagingofchina.com\/fr\/wp-json\/wp\/v2\/product\/3482","targetHints":{"allow":["GET"]}}],"collection":[{"href":"https:\/\/www.packagingofchina.com\/fr\/wp-json\/wp\/v2\/product"}],"about":[{"href":"https:\/\/www.packagingofchina.com\/fr\/wp-json\/wp\/v2\/types\/product"}],"replies":[{"embeddable":true,"href":"https:\/\/www.packagingofchina.com\/fr\/wp-json\/wp\/v2\/comments?post=3482"}],"wp:featuredmedia":[{"embeddable":true,"href":"https:\/\/www.packagingofchina.com\/fr\/wp-json\/wp\/v2\/media\/3488"}],"wp:attachment":[{"href":"https:\/\/www.packagingofchina.com\/fr\/wp-json\/wp\/v2\/media?parent=3482"}],"wp:term":[{"taxonomy":"flexible-packaging","embeddable":true,"href":"https:\/\/www.packagingofchina.com\/fr\/wp-json\/wp\/v2\/flexible-packaging?post=3482"},{"taxonomy":"solution","embeddable":true,"href":"https:\/\/www.packagingofchina.com\/fr\/wp-json\/wp\/v2\/solution?post=3482"},{"taxonomy":"product_brand","embeddable":true,"href":"https:\/\/www.packagingofchina.com\/fr\/wp-json\/wp\/v2\/product_brand?post=3482"},{"taxonomy":"product_cat","embeddable":true,"href":"https:\/\/www.packagingofchina.com\/fr\/wp-json\/wp\/v2\/product_cat?post=3482"},{"taxonomy":"product_tag","embeddable":true,"href":"https:\/\/www.packagingofchina.com\/fr\/wp-json\/wp\/v2\/product_tag?post=3482"}],"curies":[{"name":"wp","href":"https:\/\/api.w.org\/{rel}","templated":true}]}}